{"id":17739,"date":"2024-06-18T10:42:09","date_gmt":"2024-06-18T08:42:09","guid":{"rendered":"https:\/\/seintor.com\/?page_id=17739"},"modified":"2024-06-18T10:51:55","modified_gmt":"2024-06-18T08:51:55","slug":"servicio-en-asesoria-en-seguridad-higiene-y-proteccion-ambiental","status":"publish","type":"page","link":"https:\/\/seintor.com\/en\/servicio-en-asesoria-en-seguridad-higiene-y-proteccion-ambiental\/","title":{"rendered":"Service for Advice on safety, hygiene and environmental protection"},"content":{"rendered":"<div data-elementor-type=\"wp-page\" data-elementor-id=\"17739\" class=\"elementor elementor-17739\" data-elementor-post-type=\"page\">\n\t\t\t\t\t\t<section class=\"wd-negative-gap elementor-section elementor-top-section elementor-element elementor-element-14ad92b elementor-section-boxed elementor-section-height-default elementor-section-height-default\" data-id=\"14ad92b\" data-element_type=\"section\">\n\t\t\t\t\t\t<div class=\"elementor-container elementor-column-gap-default\">\n\t\t\t\t\t<div class=\"elementor-column elementor-col-50 elementor-top-column elementor-element elementor-element-3016443\" data-id=\"3016443\" data-element_type=\"column\">\n\t\t\t<div class=\"elementor-widget-wrap elementor-element-populated\">\n\t\t\t\t\t\t<div class=\"elementor-element elementor-element-746e40a elementor-widget elementor-widget-icon-box\" data-id=\"746e40a\" data-element_type=\"widget\" data-widget_type=\"icon-box.default\">\n\t\t\t\t<div class=\"elementor-widget-container\">\n\t\t\t<link rel=\"stylesheet\" href=\"https:\/\/seintor.com\/wp-content\/plugins\/elementor\/assets\/css\/widget-icon-box.min.css\">\t\t<div class=\"elementor-icon-box-wrapper\">\n\t\t\t\t\t\t<div class=\"elementor-icon-box-content\">\n\t\t\t\t<h1 class=\"elementor-icon-box-title\">\n\t\t\t\t\t<span  >\n\t\t\t\t\t\tAdvice on safety, hygiene and environmental protection.\t\t\t\t\t<\/span>\n\t\t\t\t<\/h1>\n\t\t\t\t\t\t\t\t\t<p class=\"elementor-icon-box-description\">\n\t\t\t\t\t\tWe service training in various areas for the industry, with presence in Tamaulipas, Veracruz and Guerrero.\t\t\t\t\t<\/p>\n\t\t\t\t\t\t\t<\/div>\n\t\t<\/div>\n\t\t\t\t<\/div>\n\t\t\t\t<\/div>\n\t\t\t\t<div class=\"elementor-element elementor-element-cf159b1 elementor-widget__width-initial elementor-widget elementor-widget-wd_text_block\" data-id=\"cf159b1\" data-element_type=\"widget\" data-widget_type=\"wd_text_block.default\">\n\t\t\t\t<div class=\"elementor-widget-container\">\n\t\t\t\t\t<div class=\"wd-text-block reset-last-child text-left\">\n\t\t\t\n\t\t\t<p>We have the following trainings.<\/p><ol><li style=\"list-style-type: none;\"><ul><li><span style=\"color: #339966;\">Supply of human resources for staff<\/span><br \/><span style=\"color: #339966;\">security monitoring.<\/span><\/li><li><span style=\"color: #339966;\">Advice on compliance<\/span><br \/><span style=\"color: #339966;\">STPS<\/span><\/li><li><span style=\"color: #339966;\">Basic training, intermediate and advanced<\/span><br \/><span style=\"color: #339966;\">emergency brigades.<\/span><\/li><li><span style=\"color: #339966;\">Production systems management, security hygiene<\/span><br \/><span style=\"color: #339966;\">And occupational health.<\/span><\/li><li><span style=\"color: #339966;\">Preparation of plan and training program specific.<\/span><\/li><li><span style=\"color: #339966;\">The supply of resources, materials and safety equipment.<\/span><\/li><li><span style=\"color: #339966;\">Risk analysis.<\/span><\/li><li><span style=\"color: #339966;\">Vulnerability analysis<\/span><\/li><li><span style=\"color: #339966;\">Development of security protocols.<\/span><\/li><li><span style=\"color: #339966;\">Audit of physical security.<\/span><\/li><li><span style=\"color: #339966;\">Implementation and monitoring of quality management systems, environment and<\/span><br \/><span style=\"color: #339966;\">security ISO 9000, 14001, OHSAS 18001 standards in their current versions.<\/span><\/li><li><span style=\"color: #339966;\">Identification and management of legal requirements in the field of industrial safety and<\/span><br \/><span style=\"color: #339966;\">environmental.<\/span><\/li><li><span style=\"color: #339966;\">Identification of risks and hazards in the workplace (AST).<\/span><\/li><li><span style=\"color: #339966;\">Development of contingency plans, environmental (including program simulation).<\/span><\/li><\/ul><\/li><\/ol>\n\t\t\t\t\t<\/div>\n\t\t\t\t<\/div>\n\t\t\t\t<\/div>\n\t\t\t\t\t<\/div>\n\t\t<\/div>\n\t\t\t\t<div class=\"elementor-column elementor-col-50 elementor-top-column elementor-element elementor-element-d1b982d\" data-id=\"d1b982d\" data-element_type=\"column\">\n\t\t\t<div class=\"elementor-widget-wrap elementor-element-populated\">\n\t\t\t\t\t\t<div class=\"elementor-element elementor-element-e00077f elementor-widget__width-initial elementor-invisible elementor-widget elementor-widget-wd_image_or_svg\" data-id=\"e00077f\" data-element_type=\"widget\" data-settings=\"{&quot;_animation&quot;:&quot;fadeIn&quot;}\" data-widget_type=\"wd_image_or_svg.default\">\n\t\t\t\t<div class=\"elementor-widget-container\">\n\t\t\t\n\t\t<div class=\"wd-image text-center\">\n\t\t\t\t\t\t\t\t<img fetchpriority=\"high\" decoding=\"async\" width=\"600\" height=\"800\" src=\"https:\/\/seintor.com\/wp-content\/uploads\/2024\/06\/capacitacion.webp\" class=\"attachment-full size-full\" alt=\"\" srcset=\"https:\/\/seintor.com\/wp-content\/uploads\/2024\/06\/capacitacion.webp 600w, https:\/\/seintor.com\/wp-content\/uploads\/2024\/06\/capacitacion-225x300.webp 225w, https:\/\/seintor.com\/wp-content\/uploads\/2024\/06\/capacitacion-9x12.webp 9w\" sizes=\"(max-width: 600px) 100vw, 600px\" \/>\t\t\t\t\t<\/div>\n\n\t\t\t\t<\/div>\n\t\t\t\t<\/div>\n\t\t\t\t<div class=\"elementor-element elementor-element-746c8fc elementor-widget__width-initial elementor-widget elementor-widget-wd_text_block\" data-id=\"746c8fc\" data-element_type=\"widget\" data-widget_type=\"wd_text_block.default\">\n\t\t\t\t<div class=\"elementor-widget-container\">\n\t\t\t\t\t<div class=\"wd-text-block reset-last-child text-left\">\n\t\t\t\n\t\t\t<p>\u00a0<\/p><ol><li style=\"list-style-type: none;\"><ul><li><span style=\"color: #339966;\">Waste management in general.<\/span><\/li><li><span style=\"color: #339966;\">Environmental audits (PROFEPA)<\/span><\/li><li><span style=\"color: #339966;\">Procedures for preparation of studies<\/span><br \/><span style=\"color: #339966;\">environmental impact.<\/span><\/li><li><span style=\"color: #339966;\">Specialized in security and environmental hygiene.<\/span><\/li><li><span style=\"color: #339966;\">Delivery of courses of training of human capital in a way<\/span><br \/><span style=\"color: #339966;\">face-to-face group.<\/span><\/li><li><span style=\"color: #339966;\">Execution of courses focus of competition.<\/span><\/li><li><span style=\"color: #339966;\">Monitoring in industrial security for the leaders of team work.<\/span><br \/><span style=\"color: #339966;\">First aid.<\/span><\/li><li><span style=\"color: #339966;\">OSHAS 18001: 2007 management system safety and health at work. <\/span><\/li><li><span style=\"color: #339966;\">ISO 9001: 2015 quality management system.<\/span><\/li><li><span style=\"color: #339966;\">ISO 14001: 2015 environmental management system.<\/span><\/li><li><span style=\"color: #339966;\">Management, and analysis for the management of hazards and assessment of hazards<\/span><\/li><li><span style=\"color: #339966;\">Analysis and investigation of incidents and accidents.<\/span><\/li><li><span style=\"color: #339966;\">Locking and tagging to isolate sources of hazardous energy.<\/span><\/li><li><span style=\"color: #339966;\">Certification on the management and use of measuring equipment for gases, flammable vapors and<\/span><br \/><span style=\"color: #339966;\">toxic.<\/span><\/li><\/ul><\/li><\/ol>\n\t\t\t\t\t<\/div>\n\t\t\t\t<\/div>\n\t\t\t\t<\/div>\n\t\t\t\t\t<\/div>\n\t\t<\/div>\n\t\t\t\t\t<\/div>\n\t\t<\/section>\n\t\t<div class=\"wd-negative-gap elementor-element elementor-element-ff82abd e-flex e-con-boxed e-con e-parent\" data-id=\"ff82abd\" data-element_type=\"container\" data-settings=\"{&quot;content_width&quot;:&quot;boxed&quot;}\" data-core-v316-plus=\"true\">\n\t\t\t\t\t<div class=\"e-con-inner\">\n\t\t\t\t<div class=\"elementor-element elementor-element-a15cf35 elementor-widget elementor-widget-icon-box\" data-id=\"a15cf35\" data-element_type=\"widget\" data-widget_type=\"icon-box.default\">\n\t\t\t\t<div class=\"elementor-widget-container\">\n\t\t\t\t\t<div class=\"elementor-icon-box-wrapper\">\n\t\t\t\t\t\t<div class=\"elementor-icon-box-content\">\n\t\t\t\t<h1 class=\"elementor-icon-box-title\">\n\t\t\t\t\t<span  >\n\t\t\t\t\t\tGallery\t\t\t\t\t<\/span>\n\t\t\t\t<\/h1>\n\t\t\t\t\t\t\t<\/div>\n\t\t<\/div>\n\t\t\t\t<\/div>\n\t\t\t\t<\/div>\n\t\t\t\t\t<\/div>\n\t\t\t\t<\/div>\n\t\t<div class=\"wd-negative-gap elementor-element elementor-element-e2a8fd8 elementor-hidden-desktop elementor-hidden-tablet elementor-hidden-mobile e-flex e-con-boxed e-con e-parent\" data-id=\"e2a8fd8\" data-element_type=\"container\" data-settings=\"{&quot;content_width&quot;:&quot;boxed&quot;}\" data-core-v316-plus=\"true\">\n\t\t\t\t\t<div class=\"e-con-inner\">\n\t\t\t\t<div class=\"elementor-element elementor-element-7205de2 elementor-widget elementor-widget-gallery\" data-id=\"7205de2\" data-element_type=\"widget\" data-settings=\"{&quot;lazyload&quot;:&quot;yes&quot;,&quot;gallery_layout&quot;:&quot;grid&quot;,&quot;columns&quot;:4,&quot;columns_tablet&quot;:2,&quot;columns_mobile&quot;:1,&quot;gap&quot;:{&quot;unit&quot;:&quot;px&quot;,&quot;size&quot;:10,&quot;sizes&quot;:[]},&quot;gap_tablet&quot;:{&quot;unit&quot;:&quot;px&quot;,&quot;size&quot;:10,&quot;sizes&quot;:[]},&quot;gap_mobile&quot;:{&quot;unit&quot;:&quot;px&quot;,&quot;size&quot;:10,&quot;sizes&quot;:[]},&quot;link_to&quot;:&quot;file&quot;,&quot;aspect_ratio&quot;:&quot;3:2&quot;,&quot;overlay_background&quot;:&quot;yes&quot;,&quot;content_hover_animation&quot;:&quot;fade-in&quot;}\" data-widget_type=\"gallery.default\">\n\t\t\t\t<div class=\"elementor-widget-container\">\n\t\t\t<style>\/*! elementor-pro - v3.16.0 - 20-09-2023 *\/\n.elementor-gallery__container{min-height:1px}.elementor-gallery-item{position:relative;overflow:hidden;display:block;text-decoration:none;border:solid var(--image-border-width) var(--image-border-color);border-radius:var(--image-border-radius)}.elementor-gallery-item__content,.elementor-gallery-item__overlay{height:100%;width:100%;position:absolute;top:0;left:0}.elementor-gallery-item__overlay{mix-blend-mode:var(--overlay-mix-blend-mode);transition-duration:var(--overlay-transition-duration);transition-property:mix-blend-mode,transform,opacity,background-color}.elementor-gallery-item__image.e-gallery-image{transition-duration:var(--image-transition-duration);transition-property:filter,transform}.elementor-gallery-item__content{display:flex;flex-direction:column;justify-content:var(--content-justify-content,center);align-items:center;text-align:var(--content-text-align);padding:var(--content-padding)}.elementor-gallery-item__content>div{transition-duration:var(--content-transition-duration)}.elementor-gallery-item__content.elementor-gallery--sequenced-animation>div:nth-child(2){transition-delay:calc(var(--content-transition-delay) \/ 3)}.elementor-gallery-item__content.elementor-gallery--sequenced-animation>div:nth-child(3){transition-delay:calc(var(--content-transition-delay) \/ 3 * 2)}.elementor-gallery-item__content.elementor-gallery--sequenced-animation>div:nth-child(4){transition-delay:calc(var(--content-transition-delay) \/ 3 * 3)}.elementor-gallery-item__description{color:var(--description-text-color,#fff);width:100%}.elementor-gallery-item__title{color:var(--title-text-color,#fff);font-weight:700;width:100%}.elementor-gallery__titles-container{display:flex;flex-wrap:wrap;justify-content:var(--titles-container-justify-content,center);margin-bottom:20px}.elementor-gallery__titles-container:not(.e--pointer-framed) .elementor-item:after,.elementor-gallery__titles-container:not(.e--pointer-framed) .elementor-item:before{background-color:var(--galleries-pointer-bg-color-hover)}.elementor-gallery__titles-container:not(.e--pointer-framed) .elementor-item.elementor-item-active:after,.elementor-gallery__titles-container:not(.e--pointer-framed) .elementor-item.elementor-item-active:before{background-color:var(--galleries-pointer-bg-color-active)}.elementor-gallery__titles-container.e--pointer-framed .elementor-item:before{border-color:var(--galleries-pointer-bg-color-hover);border-width:var(--galleries-pointer-border-width)}.elementor-gallery__titles-container.e--pointer-framed .elementor-item:after{border-color:var(--galleries-pointer-bg-color-hover)}.elementor-gallery__titles-container.e--pointer-framed .elementor-item.elementor-item-active:after,.elementor-gallery__titles-container.e--pointer-framed .elementor-item.elementor-item-active:before{border-color:var(--galleries-pointer-bg-color-active)}.elementor-gallery__titles-container.e--pointer-framed.e--animation-draw .elementor-item:before{border-left-width:var(--galleries-pointer-border-width);border-bottom-width:var(--galleries-pointer-border-width);border-right-width:0;border-top-width:0}.elementor-gallery__titles-container.e--pointer-framed.e--animation-draw .elementor-item:after{border-left-width:0;border-bottom-width:0;border-right-width:var(--galleries-pointer-border-width);border-top-width:var(--galleries-pointer-border-width)}.elementor-gallery__titles-container.e--pointer-framed.e--animation-corners .elementor-item:before{border-left-width:var(--galleries-pointer-border-width);border-bottom-width:0;border-right-width:0;border-top-width:var(--galleries-pointer-border-width)}.elementor-gallery__titles-container.e--pointer-framed.e--animation-corners .elementor-item:after{border-left-width:0;border-bottom-width:var(--galleries-pointer-border-width);border-right-width:var(--galleries-pointer-border-width);border-top-width:0}.elementor-gallery__titles-container .e--pointer-double-line .elementor-item:after,.elementor-gallery__titles-container .e--pointer-double-line .elementor-item:before,.elementor-gallery__titles-container .e--pointer-overline .elementor-item:before,.elementor-gallery__titles-container .e--pointer-underline .elementor-item:after{height:var(--galleries-pointer-border-width)}.elementor-gallery-title{--space-between:10px;cursor:pointer;color:#6d7882;font-weight:500;position:relative;padding:7px 14px;transition:all .3s}.elementor-gallery-title--active{color:#495157}.elementor-gallery-title:not(:last-child){margin-right:var(--space-between)}.elementor-gallery-item__title+.elementor-gallery-item__description{margin-top:var(--description-margin-top)}.e-gallery-item.elementor-gallery-item{transition-property:all}.e-gallery-item.elementor-animated-content .elementor-animated-item--enter-from-bottom,.e-gallery-item.elementor-animated-content .elementor-animated-item--enter-from-left,.e-gallery-item.elementor-animated-content .elementor-animated-item--enter-from-right,.e-gallery-item.elementor-animated-content .elementor-animated-item--enter-from-top,.e-gallery-item:focus .elementor-gallery__item-overlay-bg,.e-gallery-item:focus .elementor-gallery__item-overlay-content,.e-gallery-item:focus .elementor-gallery__item-overlay-content__description,.e-gallery-item:focus .elementor-gallery__item-overlay-content__title,.e-gallery-item:hover .elementor-gallery__item-overlay-bg,.e-gallery-item:hover .elementor-gallery__item-overlay-content,.e-gallery-item:hover .elementor-gallery__item-overlay-content__description,.e-gallery-item:hover .elementor-gallery__item-overlay-content__title{opacity:1}a.elementor-item.elementor-gallery-title{color:var(--galleries-title-color-normal)}a.elementor-item.elementor-gallery-title.elementor-item-active,a.elementor-item.elementor-gallery-title.highlighted,a.elementor-item.elementor-gallery-title:focus,a.elementor-item.elementor-gallery-title:hover{color:var(--galleries-title-color-hover)}a.elementor-item.elementor-gallery-title.elementor-item-active{color:var(--gallery-title-color-active)}.e-con-inner>.elementor-widget-gallery,.e-con>.elementor-widget-gallery{width:var(--container-widget-width);--flex-grow:var(--container-widget-flex-grow)}<\/style>\t\t<div class=\"elementor-gallery__container\">\n\t\t\t\t\t\t\t<a class=\"e-gallery-item elementor-gallery-item elementor-animated-content\" href=\"https:\/\/seintor.com\/wp-content\/uploads\/2024\/06\/enfermeria.webp\" data-elementor-open-lightbox=\"yes\" data-elementor-lightbox-slideshow=\"7205de2\" data-elementor-lightbox-title=\"enfermeria\" data-e-action-hash=\"#elementor-action%3Aaction%3Dlightbox%26settings%3DeyJpZCI6MTc0NDIsInVybCI6Imh0dHBzOlwvXC9zZWludG9yLmNvbVwvd3AtY29udGVudFwvdXBsb2Fkc1wvMjAyNFwvMDZcL2VuZmVybWVyaWEud2VicCIsInNsaWRlc2hvdyI6IjcyMDVkZTIifQ%3D%3D\">\n\t\t\t\t\t<div class=\"e-gallery-image elementor-gallery-item__image\" data-thumbnail=\"https:\/\/seintor.com\/wp-content\/uploads\/2024\/06\/enfermeria-400x267.webp\" data-width=\"400\" data-height=\"267\" aria-label=\"\" role=\"img\" ><\/div>\n\t\t\t\t\t\t\t\t\t\t\t<div class=\"elementor-gallery-item__overlay\"><\/div>\n\t\t\t\t\t\t\t\t\t\t\t\t\t\t<\/a>\n\t\t\t\t\t\t\t<a class=\"e-gallery-item elementor-gallery-item elementor-animated-content\" href=\"https:\/\/seintor.com\/wp-content\/uploads\/2024\/06\/montajes.webp\" data-elementor-open-lightbox=\"yes\" data-elementor-lightbox-slideshow=\"7205de2\" data-elementor-lightbox-title=\"montajes\" data-e-action-hash=\"#elementor-action%3Aaction%3Dlightbox%26settings%3DeyJpZCI6MTc0NDAsInVybCI6Imh0dHBzOlwvXC9zZWludG9yLmNvbVwvd3AtY29udGVudFwvdXBsb2Fkc1wvMjAyNFwvMDZcL21vbnRhamVzLndlYnAiLCJzbGlkZXNob3ciOiI3MjA1ZGUyIn0%3D\">\n\t\t\t\t\t<div class=\"e-gallery-image elementor-gallery-item__image\" data-thumbnail=\"https:\/\/seintor.com\/wp-content\/uploads\/2024\/06\/montajes-400x267.webp\" data-width=\"400\" data-height=\"267\" aria-label=\"\" role=\"img\" ><\/div>\n\t\t\t\t\t\t\t\t\t\t\t<div class=\"elementor-gallery-item__overlay\"><\/div>\n\t\t\t\t\t\t\t\t\t\t\t\t\t\t<\/a>\n\t\t\t\t\t\t\t<a class=\"e-gallery-item elementor-gallery-item elementor-animated-content\" href=\"https:\/\/seintor.com\/wp-content\/uploads\/2024\/06\/plc.webp\" data-elementor-open-lightbox=\"yes\" data-elementor-lightbox-slideshow=\"7205de2\" data-elementor-lightbox-title=\"plc\" data-e-action-hash=\"#elementor-action%3Aaction%3Dlightbox%26settings%3DeyJpZCI6MTc0MzYsInVybCI6Imh0dHBzOlwvXC9zZWludG9yLmNvbVwvd3AtY29udGVudFwvdXBsb2Fkc1wvMjAyNFwvMDZcL3BsYy53ZWJwIiwic2xpZGVzaG93IjoiNzIwNWRlMiJ9\">\n\t\t\t\t\t<div class=\"e-gallery-image elementor-gallery-item__image\" data-thumbnail=\"https:\/\/seintor.com\/wp-content\/uploads\/2024\/06\/plc-400x267.webp\" data-width=\"400\" data-height=\"267\" aria-label=\"\" role=\"img\" ><\/div>\n\t\t\t\t\t\t\t\t\t\t\t<div class=\"elementor-gallery-item__overlay\"><\/div>\n\t\t\t\t\t\t\t\t\t\t\t\t\t\t<\/a>\n\t\t\t\t\t\t\t<a class=\"e-gallery-item elementor-gallery-item elementor-animated-content\" href=\"https:\/\/seintor.com\/wp-content\/uploads\/2024\/06\/ac.webp\" data-elementor-open-lightbox=\"yes\" data-elementor-lightbox-slideshow=\"7205de2\" data-elementor-lightbox-title=\"ac\" data-e-action-hash=\"#elementor-action%3Aaction%3Dlightbox%26settings%3DeyJpZCI6MTc0MzUsInVybCI6Imh0dHBzOlwvXC9zZWludG9yLmNvbVwvd3AtY29udGVudFwvdXBsb2Fkc1wvMjAyNFwvMDZcL2FjLndlYnAiLCJzbGlkZXNob3ciOiI3MjA1ZGUyIn0%3D\">\n\t\t\t\t\t<div class=\"e-gallery-image elementor-gallery-item__image\" data-thumbnail=\"https:\/\/seintor.com\/wp-content\/uploads\/2024\/06\/ac-400x267.webp\" data-width=\"400\" data-height=\"267\" aria-label=\"\" role=\"img\" ><\/div>\n\t\t\t\t\t\t\t\t\t\t\t<div class=\"elementor-gallery-item__overlay\"><\/div>\n\t\t\t\t\t\t\t\t\t\t\t\t\t\t<\/a>\n\t\t\t\t\t\t\t<a class=\"e-gallery-item elementor-gallery-item elementor-animated-content\" href=\"https:\/\/seintor.com\/wp-content\/uploads\/2024\/06\/asesoria.webp\" data-elementor-open-lightbox=\"yes\" data-elementor-lightbox-slideshow=\"7205de2\" data-elementor-lightbox-title=\"asesoria\" data-e-action-hash=\"#elementor-action%3Aaction%3Dlightbox%26settings%3DeyJpZCI6MTc0MzQsInVybCI6Imh0dHBzOlwvXC9zZWludG9yLmNvbVwvd3AtY29udGVudFwvdXBsb2Fkc1wvMjAyNFwvMDZcL2FzZXNvcmlhLndlYnAiLCJzbGlkZXNob3ciOiI3MjA1ZGUyIn0%3D\">\n\t\t\t\t\t<div class=\"e-gallery-image elementor-gallery-item__image\" data-thumbnail=\"https:\/\/seintor.com\/wp-content\/uploads\/2024\/06\/asesoria-400x267.webp\" data-width=\"400\" data-height=\"267\" aria-label=\"\" role=\"img\" ><\/div>\n\t\t\t\t\t\t\t\t\t\t\t<div class=\"elementor-gallery-item__overlay\"><\/div>\n\t\t\t\t\t\t\t\t\t\t\t\t\t\t<\/a>\n\t\t\t\t\t\t\t<a class=\"e-gallery-item elementor-gallery-item elementor-animated-content\" href=\"https:\/\/seintor.com\/wp-content\/uploads\/2024\/06\/compresion.webp\" data-elementor-open-lightbox=\"yes\" data-elementor-lightbox-slideshow=\"7205de2\" data-elementor-lightbox-title=\"compresion\" data-e-action-hash=\"#elementor-action%3Aaction%3Dlightbox%26settings%3DeyJpZCI6MTc0MzMsInVybCI6Imh0dHBzOlwvXC9zZWludG9yLmNvbVwvd3AtY29udGVudFwvdXBsb2Fkc1wvMjAyNFwvMDZcL2NvbXByZXNpb24ud2VicCIsInNsaWRlc2hvdyI6IjcyMDVkZTIifQ%3D%3D\">\n\t\t\t\t\t<div class=\"e-gallery-image elementor-gallery-item__image\" data-thumbnail=\"https:\/\/seintor.com\/wp-content\/uploads\/2024\/06\/compresion-400x267.webp\" data-width=\"400\" data-height=\"267\" aria-label=\"\" role=\"img\" ><\/div>\n\t\t\t\t\t\t\t\t\t\t\t<div class=\"elementor-gallery-item__overlay\"><\/div>\n\t\t\t\t\t\t\t\t\t\t\t\t\t\t<\/a>\n\t\t\t\t\t\t\t<a class=\"e-gallery-item elementor-gallery-item elementor-animated-content\" href=\"https:\/\/seintor.com\/wp-content\/uploads\/2024\/06\/Servicios-electricos.webp\" data-elementor-open-lightbox=\"yes\" data-elementor-lightbox-slideshow=\"7205de2\" data-elementor-lightbox-title=\"Servicios electricos\" data-e-action-hash=\"#elementor-action%3Aaction%3Dlightbox%26settings%3DeyJpZCI6MTc0MzIsInVybCI6Imh0dHBzOlwvXC9zZWludG9yLmNvbVwvd3AtY29udGVudFwvdXBsb2Fkc1wvMjAyNFwvMDZcL1NlcnZpY2lvcy1lbGVjdHJpY29zLndlYnAiLCJzbGlkZXNob3ciOiI3MjA1ZGUyIn0%3D\">\n\t\t\t\t\t<div class=\"e-gallery-image elementor-gallery-item__image\" data-thumbnail=\"https:\/\/seintor.com\/wp-content\/uploads\/2024\/06\/Servicios-electricos-400x267.webp\" data-width=\"400\" data-height=\"267\" aria-label=\"\" role=\"img\" ><\/div>\n\t\t\t\t\t\t\t\t\t\t\t<div class=\"elementor-gallery-item__overlay\"><\/div>\n\t\t\t\t\t\t\t\t\t\t\t\t\t\t<\/a>\n\t\t\t\t\t\t\t<a class=\"e-gallery-item elementor-gallery-item elementor-animated-content\" href=\"https:\/\/seintor.com\/wp-content\/uploads\/2024\/06\/obra-civil-1.webp\" data-elementor-open-lightbox=\"yes\" data-elementor-lightbox-slideshow=\"7205de2\" data-elementor-lightbox-title=\"obra civil 1\" data-e-action-hash=\"#elementor-action%3Aaction%3Dlightbox%26settings%3DeyJpZCI6MTc0MTMsInVybCI6Imh0dHBzOlwvXC9zZWludG9yLmNvbVwvd3AtY29udGVudFwvdXBsb2Fkc1wvMjAyNFwvMDZcL29icmEtY2l2aWwtMS53ZWJwIiwic2xpZGVzaG93IjoiNzIwNWRlMiJ9\">\n\t\t\t\t\t<div class=\"e-gallery-image elementor-gallery-item__image\" data-thumbnail=\"https:\/\/seintor.com\/wp-content\/uploads\/2024\/06\/obra-civil-1-400x267.webp\" data-width=\"400\" data-height=\"267\" aria-label=\"\" role=\"img\" ><\/div>\n\t\t\t\t\t\t\t\t\t\t\t<div class=\"elementor-gallery-item__overlay\"><\/div>\n\t\t\t\t\t\t\t\t\t\t\t\t\t\t<\/a>\n\t\t\t\t\t<\/div>\n\t\t\t<\/div>\n\t\t\t\t<\/div>\n\t\t\t\t\t<\/div>\n\t\t\t\t<\/div>\n\t\t\t\t<\/div>","protected":false},"excerpt":{"rendered":"<p>Asesor\u00eda en seguridad, higiene y protecci\u00f3n ambiental. Contamos con servicio de capacitaci\u00f3n en diversas \u00e1reas para la industria, con presencia<\/p>","protected":false},"author":1,"featured_media":17434,"parent":0,"menu_order":0,"comment_status":"closed","ping_status":"closed","template":"","meta":{"footnotes":""},"class_list":["post-17739","page","type-page","status-publish","has-post-thumbnail","hentry"],"_links":{"self":[{"href":"https:\/\/seintor.com\/en\/wp-json\/wp\/v2\/pages\/17739","targetHints":{"allow":["GET"]}}],"collection":[{"href":"https:\/\/seintor.com\/en\/wp-json\/wp\/v2\/pages"}],"about":[{"href":"https:\/\/seintor.com\/en\/wp-json\/wp\/v2\/types\/page"}],"author":[{"embeddable":true,"href":"https:\/\/seintor.com\/en\/wp-json\/wp\/v2\/users\/1"}],"replies":[{"embeddable":true,"href":"https:\/\/seintor.com\/en\/wp-json\/wp\/v2\/comments?post=17739"}],"version-history":[{"count":0,"href":"https:\/\/seintor.com\/en\/wp-json\/wp\/v2\/pages\/17739\/revisions"}],"wp:featuredmedia":[{"embeddable":true,"href":"https:\/\/seintor.com\/en\/wp-json\/wp\/v2\/media\/17434"}],"wp:attachment":[{"href":"https:\/\/seintor.com\/en\/wp-json\/wp\/v2\/media?parent=17739"}],"curies":[{"name":"wp","href":"https:\/\/api.w.org\/{rel}","templated":true}]}}